{"id":3,"date":"2024-01-19T12:59:30","date_gmt":"2024-01-19T12:59:30","guid":{"rendered":"https:\/\/www.kunstatelier-ixenmaier.at\/?page_id=3"},"modified":"2024-02-19T19:04:14","modified_gmt":"2024-02-19T19:04:14","slug":"privacy-policy","status":"publish","type":"page","link":"https:\/\/kunstatelier-ixenmaier.at\/?page_id=3","title":{"rendered":"Impressum"},"content":{"rendered":"<header class=\"entry-header\">\n<h1 class=\"entry-title\">Impressum<\/h1>\n<\/header>\n<div class=\"entry-content\">\n<h2>Rechtsform<\/h2>\n<div class=\"media-body\">\n<div class=\"card-heading mobile-portrait-row\">\n<div>Ixenmaier &#8211; Immobilien &amp; Kunst Verwaltungs GmbH<\/div>\n<\/div>\n<\/div>\n<p>Kranzbichlerstarsse 13a<br \/>\nA-3100 Sankt P\u00f6lten<\/p>\n<p><b>Tel<\/b> 0043 (0)664\/4839810<br \/>\n<b>E-Mail<\/b> office@kunstatelier-ixenmaier.at<\/p>\n<p><b>UID<\/b> ATU 19829602<br \/>\n<b>Firmenbuchnummer 102064w<\/b><br \/>\n<b>Firmengericht<\/b> Handelsgericht Sankt P\u00f6lten<br \/>\n<b>Beh\u00f6rde<\/b> gem\u00e4\u00df ECG: Magistrat der Stadt Sankt P\u00f6lten<br \/>\n<b>Kammerzugeh\u00f6rigkeit<\/b> Wirtschaftskammer Nieder\u00f6sterreich<\/p>\n<h3>Bankverbindung<\/h3>\n<p>Bankinstitut Raiffeisenbank Region Schallaburg<br \/>\n<b>IBAN<\/b> AT 79 3247 7000 0050 1064<br \/>\n<b>BIC<\/b> RLNWATW1477<\/p>\n<p><b>Firmensitz <\/b>Sankt P\u00f6lten<\/p>\n<p><b>Gesch\u00e4ftsf\u00fchrer Rudolf Ixenmaier <\/b><\/p>\n<p><b>Offenlegung gem\u00e4\u00df Mediengesetz (\u00a725) <\/b><\/p>\n<h3>Rechtliche Hinweise:<\/h3>\n<p>Die oben angef\u00fchrten Firmen pr\u00fcfen und aktualisieren die Informationen auf ihren Webseiten st\u00e4ndig. Trotz aller Sorgfalt k\u00f6nnen sich die Daten inzwischen ver\u00e4ndert haben. Eine Haftung oder Garantie f\u00fcr die Aktualit\u00e4t, Richtigkeit, Vollst\u00e4ndigkeit und Inhalt der zur Verf\u00fcgung gestellten Informationen wird daher nicht \u00fcbernommen. Gleiches gilt auch f\u00fcr alle anderen Webseiten, auf die mittels Hyperlink verwiesen wird.<\/p>\n<\/div>\n<p>&nbsp;<\/p>\n<p>&nbsp;<\/p>\n<p><strong>Datenschutz und Datenverwendungsrichtlinien<\/strong><\/p>\n<p><strong>Wer ist f\u00fcr die Datenverarbeitung verantwortlich<\/strong><\/p>\n<p>Verantwortlich im Unternehmen Ixenmaier &#8211; Immobilien &amp; Kunst Verwaltungs GmbH ist Rudolf Ixenmaier<\/p>\n<p><strong>Welche Daten werden verarbeitet und aus welchen Quellen stammen diese Daten?<\/strong><\/p>\n<p>Wir verarbeiten jene personenbezogenen Daten, die wir im Rahmen einer Gesch\u00e4ftsbeziehung von Ihnen erhalten.<\/p>\n<p><strong>F\u00fcr welche Zwecke und auf welcher Rechtsgrundlage werden die Daten verarbeitet?<\/strong><\/p>\n<p>Die Verarbeitung ihrer personenbezogenen Daten ist notwendig:<\/p>\n<p>Bearbeitung bez\u00fcglich Angebot<\/p>\n<p>Erf\u00fcllung der Auftr\u00e4ge und vertragliche Pflichten<\/p>\n<p>Erf\u00fcllung gesetzlicher Aufbewahrungspflichten<\/p>\n<p>Buchhaltung (Steuerberater)<\/p>\n<p>Dauer gesch\u00e4ftliches Interesse (Kunden)<\/p>\n<p>&nbsp;<\/p>\n<p><strong>Wer erh\u00e4lt ihre Daten?<\/strong><\/p>\n<p>Innerhalb der Firma Ixenmaier &#8211; Immobilien &amp; Kunst Verwaltungs GmbH erhalten diejenigen Stellen bzw. MitarbeiterInnen Ihre Daten, die diese zur Erf\u00fcllung der vertraglichen, gesetzlichen Pflichten sowie zur Wahrung berechtigter Interessen ben\u00f6tigen.<\/p>\n<p>S\u00e4mtliche Auftragsverarbeiter sind vertraglich entsprechend dazu verpflichtet, Ihre Daten vertraulich zu behandeln und nur im Rahmen der Leistungserbringung zu verarbeiten.<\/p>\n<p>Sollte eine gesetzliche Verpflichtung vorliegen, k\u00f6nnen auch \u00f6ffentliche Stellen und Institutionen Ihre personenbezogenen Daten empfangen.<\/p>\n<p><strong>Wie lange werden ihre Daten gespeichert und verarbeitet?<\/strong><\/p>\n<p>F\u00fcr die Dauer der gesamten Gesch\u00e4ftsbeziehung (von der Anbahnung \u00fcber die Abwicklung bis hin zur Beendigung eines Vertrags) sowie dar\u00fcber hinaus gem\u00e4\u00df den gesetzlichen Aufbewahrungs- und Dokumentationspflichten und solange ein berechtigtes gesch\u00e4ftliches Interesse besteht.<\/p>\n<p><strong>Welche Datenschutzrechte stehen Ihnen zu?<\/strong><\/p>\n<p>Sie haben jederzeit<\/p>\n<p>Recht der Auskunft, L\u00f6schung, Berichtigung, Einschr\u00e4nkung der Verarbeitung Ihrer gespeicherten Daten<\/p>\n<p>Einspruchsrecht gegen Verarbeitung<\/p>\n<p>Beschwerde Datenschutzbeh\u00f6rde<\/p>\n<p>Das Recht auf Daten\u00fcbertragbarkeit Voraussetzungen Datenschutzrechtes<\/p>\n<p>&nbsp;<\/p>\n<p><strong>Sind Sie zur Bereitstellung von Daten verpflichtet?<\/strong><\/p>\n<p>Sie m\u00fcssen jene personenbezogenen Daten bereitstellen, die f\u00fcr die Aufnahme und Durchf\u00fchrung unserer Gesch\u00e4ftsbeziehung erforderlich sind und zu deren Erhebung wir gesetzlich verpflichtet sind.<\/p>\n<p>Sofern Sie uns die Daten nicht zur Verf\u00fcgung stellen wollen, m\u00fcssen wir den Abschluss des Vertrages oder die Ausf\u00fchrung des Auftrags in der Regel ablehnen. Einen bestehenden Vertrag k\u00f6nnen wir in diesem Fall nicht mehr durchf\u00fchren und m\u00fcssen diesen folglich beenden.<\/p>\n<p>Nicht verpflichtet sind Sie allerdings, eine Einwilligung zur Verarbeitung von jenen Daten zu erteilen, die f\u00fcr die Vertragserf\u00fcllung nicht relevant bzw. nicht gesetzlich und\/oder regulatorisch erforderlich sind.<\/p>\n<p><strong>Gibt es eine automatische Entscheidungsfindung einschlie\u00dflich Profiling?<\/strong><\/p>\n<p>Wir nutzen keine automatisierten Entscheidungsfindungen nach Art 22 DSGVO zur Herbeif\u00fchrung einer Entscheidung \u00fcber die Begr\u00fcndung und Durchf\u00fchrung der Gesch\u00e4ftsbeziehung.<\/p>\n<p><strong>Kommunikation<\/strong><\/p>\n<p>Wenn Sie mit uns Aufgrund einer Angebots, Kundendienstanfrage oder zu anderen Zwecken per Kontaktformular auf der Webseite, Email, Fax, Telefon, SMS oder Whatsapp kontaktieren, so bewahren wir ihre Daten zusammen mit ihrer Anfragen zwecks Bearbeitung auf und geben dieses Daten nicht ohne Ihre Einwilligung an Dritte weiter.<\/p>\n<p>Die Verarbeitung der eingegebenen bzw. \u00fcbermittelten Daten erfolgt somit ausschlie\u00dflich auf Grundlage Ihrer Einwilligung (Art. 6 Abs. 1 lit. a DSGVO). Sie k\u00f6nnen diese Einwilligung jederzeit widerrufen. Dazu reicht eine formlose Mitteilung per E-Mail an uns. Die Rechtm\u00e4\u00dfigkeit der bis zum Widerruf erfolgten Datenverarbeitungsvorg\u00e4nge bleibt vom Widerruf unber\u00fchrt.<\/p>\n<p><strong>Cookies<\/strong><\/p>\n<p>Die Internetseiten verwenden teilweise so genannte Cookies. Cookies richten auf Ihrem Rechner keinen Schaden an und enthalten keine Viren. Cookies dienen dazu, unser Angebot nutzerfreundlicher, effektiver und sicherer zu machen. Cookies sind kleine Textdateien, die auf Ihrem Rechner abgelegt werden und die Ihr Browser speichert. Die meisten der von uns verwendeten Cookies sind so genannte \u201cSession-Cookies\u201d. Sie werden nach Ende Ihres Besuchs automatisch gel\u00f6scht. Andere Cookies bleiben auf Ihrem Endger\u00e4t gespeichert bis Sie diese l\u00f6schen. Diese Cookies erm\u00f6glichen es uns, Ihren Browser beim n\u00e4chsten Besuch wiederzuerkennen. Sie k\u00f6nnen Ihren Browser so einstellen, dass Sie \u00fcber das Setzen von Cookies informiert werden und Cookies nur im Einzelfall erlauben, die Annahme von Cookies f\u00fcr bestimmte F\u00e4lle oder generell ausschlie\u00dfen sowie das automatische L\u00f6schen der Cookies beim Schlie\u00dfen des Browser aktivieren. Bei der Deaktivierung von Cookies kann die Funktionalit\u00e4t dieser Website eingeschr\u00e4nkt sein.<\/p>\n<p>Cookies, die zur Durchf\u00fchrung des elektronischen Kommunikationsvorgangs oder zur Bereitstellung bestimmter, von Ihnen erw\u00fcnschter Funktionen erforderlich sind, werden auf Grundlage von Art. 6 Abs. 1 lit. f DSGVO gespeichert. Der Websitebetreiber hat ein berechtigtes Interesse an der Speicherung von Cookies zur technisch fehlerfreien und optimierten Bereitstellung seiner Dienste.<\/p>\n<p><strong>Google Analytics <\/strong><\/p>\n<p>Diese Website benutzt Google Analytics, einen Webanalysedienst der Google Inc. (\u201eGoogle\u201c) Google Analytics verwendet sog. \u201eCookies\u201c, Textdateien, die auf Ihrem Computer gespeichert werden und die eine Analyse der Benutzung der Website durch Sie erm\u00f6glicht. Die durch den Cookie erzeugten Informationen \u00fcber Ihre Benutzung diese Website (einschlie\u00dflich Ihrer IP-Adresse) wird an einen Server von Google in den USA \u00fcbertragen und dort gespeichert. Google wird diese Informationen benutzen, um Ihre Nutzung der Website auszuwerten, um Reports \u00fcber die Websiteaktivit\u00e4ten f\u00fcr die Websitebetreiber zusammenzustellen und um weitere mit der Websitenutzung und der Internetnutzung verbundene Dienstleistungen zu erbringen. Auch wird Google diese Informationen gegebenenfalls an Dritte \u00fcbertragen, sofern dies gesetzlich vorgeschrieben oder soweit Dritte diese Daten im Auftrag von Google verarbeiten. Google wird in keinem Fall Ihre IP-Adresse mit anderen Daten von Google in Verbindung bringen. Sie k\u00f6nnen die Installation der Cookies durch eine entsprechende Einstellung Ihrer Browser Software verhindern; wir weisen Sie jedoch darauf hin, dass Sie in diesem Fall gegebenenfalls nicht s\u00e4mtliche Funktionen dieser Website voll umf\u00e4nglich nutzen k\u00f6nnen. Durch die Nutzung dieser Website erkl\u00e4ren Sie sich mit der Bearbeitung der \u00fcber Sie erhobenen Daten durch Google in der zuvor beschriebenen Art und Weise und zu dem zuvor benannten Zweck einverstanden.<\/p>\n<p>Sie k\u00f6nnen der Erhebung der Daten durch Google-Analytics mit Wirkung f\u00fcr die Zukunft widersprechen, indem sie ein Deaktivierungs-Add-on<br \/>\n( <a href=\"https:\/\/tools.google.com\/dlpage\/gaoptout?hl=de\">https:\/\/tools.google.com\/dlpage\/gaoptout?hl=de<\/a> ) f\u00fcr Ihren Browser installieren.<\/p>\n<p><strong>Google Remarketing <\/strong><\/p>\n<p>Diese Webseite verwendet die Remarketing-Funktion der Google Inc. Die Funktion dient dazu, Webseitenbesuchern innerhalb des Google- Werbenetzwerks interessenbezogene Werbeanzeigen zu pr\u00e4sentieren. Im Browser des Webseitenbesuchers wird ein sog. \u201eCookie \u201cgespeichert,<\/p>\n<p>der es erm\u00f6glicht, den Besucher wiederzuerkennen, wenn dieser Webseiten aufruft, die dem Werbenetzwerk von Google angeh\u00f6ren. Auf diesen Seiten k\u00f6nnen dem Besucher Werbeanzeigen pr\u00e4sentiert werden, die sich auf Inhalte beziehen, die der Besucher zuvor auf Webseiten aufgerufen hat, die die Remarketing Funktion von Google verwenden. Nach eigenen Angaben erhebt Google bei diesem Vorgang keine personenbezogenen Daten. Sollten Sie die Funktion Remarketing von Google dennoch nicht w\u00fcnschen, k\u00f6nnen Sie diese grunds\u00e4tzlich deaktivieren, indem Sie die entsprechenden Einstellungen unter <a href=\"http:\/\/www.google.com\/settings\/ads\">http:\/\/www.google.com\/settings\/ads<\/a> vornehmen. Alternativ k\u00f6nnen Sie den Einsatz von Cookies f\u00fcr interessenbezogene Werbung \u00fcber die Werbenetzwerkinitiative deaktivieren, indem Sie den Anweisungen unter <a href=\"http:\/\/www.networkadvertising.org\/managing\/opt_out.asp\">http:\/\/www.networkadvertising.org\/managing\/opt_out.asp<\/a> folgen.<strong>\u00a0<\/strong><\/p>\n<p><strong>Google Web Fonts<\/strong><\/p>\n<p>Diese Seite nutzt zur einheitlichen Darstellung von Schriftarten so genannte Web Fonts, die von Google bereitgestellt werden. Beim Aufruf einer Seite l\u00e4dt Ihr Browser die ben\u00f6tigten Web Fonts in ihren Browsercache, um Texte und Schriftarten korrekt anzuzeigen. Zu diesem Zweck muss der von Ihnen verwendete Browser Verbindung zu den Servern von Google aufnehmen. Hierdurch erlangt Google Kenntnis dar\u00fcber, dass \u00fcber Ihre IP-Adresse unsere Website aufgerufen wurde. Die Nutzung von Google Web Fonts erfolgt im Interesse einer einheitlichen und ansprechenden Darstellung unserer Online-Angebote. Dies stellt ein berechtigtes Interesse im Sinne von Art. 6 Abs. 1 lit. f DSGVO dar.<\/p>\n<p>Wenn Ihr Browser Web Fonts nicht unterst\u00fctzt, wird eine Standardschrift von Ihrem Computer genutzt. Weitere Informationen zu Google Web Fonts finden Sie unter https:\/\/developers.google.com\/fonts\/faq und in der Datenschutzerkl\u00e4rung von Google: <a href=\"https:\/\/www.google.com\/policies\/privacy\/\">https:\/\/www.google.com\/policies\/privacy\/<\/a>.<\/p>\n<p><strong>Google Maps<\/strong><\/p>\n<p>Diese Seite nutzt \u00fcber eine API den Kartendienst Google Maps. Anbieter ist die Google Inc., 1600 Amphitheatre Parkway, Mountain View, CA 94043, USA. Zur Nutzung der Funktionen von Google Maps ist es notwendig, Ihre IP Adresse zu speichern. Diese Informationen werden in der Regel an einen Server von Google in den USA \u00fcbertragen und dort gespeichert. Der Anbieter dieser Seite hat keinen Einfluss auf diese Daten\u00fcbertragung.<\/p>\n<p>Die Nutzung von Google Maps erfolgt im Interesse einer ansprechenden Darstellung unserer Online-Angebote und an einer leichten Auffindbarkeit der von uns auf der Website angegebenen Orte. Dies stellt ein berechtigtes Interesse im Sinne von Art. 6 Abs. 1 lit. f DSGVO dar. Mehr Informationen zum Umgang mit Nutzerdaten finden Sie in der Datenschutzerkl\u00e4rung von Google: <a href=\"https:\/\/www.google.de\/intl\/de\/policies\/privacy\/\">https:\/\/www.google.de\/intl\/de\/policies\/privacy\/<\/a><\/p>\n<p><strong>Server-Log-Dateien<\/strong><\/p>\n<p>Der Provider der Seiten erhebt und speichert automatisch Informationen in so genannten Server-Log-Dateien, die Ihr Browser automatisch an uns \u00fcbermittelt. Dies sind:<\/p>\n<ul>\n<li>Browsertyp und Browserversion<\/li>\n<li>verwendetes Betriebssystem<\/li>\n<li>Referrer URL<\/li>\n<li>Hostname des zugreifenden Rechners<\/li>\n<li>Uhrzeit der Serveranfrage<\/li>\n<li>IP-Adresse<\/li>\n<\/ul>\n<p>Eine Zusammenf\u00fchrung dieser Daten mit anderen Datenquellen wird nicht vorgenommen. Grundlage f\u00fcr die Datenverarbeitung ist Art. 6 Abs. 1 lit. b DSGVO, der die Verarbeitung von Daten zur Erf\u00fcllung eines Vertrags oder vorvertraglicher Ma\u00dfnahmen gestattet.<\/p>\n<p><strong>Datensicherheit<\/strong><\/p>\n<p>Ihre Datensicherheit ist unser h\u00f6chstes Anliegen. Unser erkl\u00e4rtes Ziel ist es, alle erforderlichen technischen und organisatorischen Ma\u00dfnahmen zu treffen, um die Sicherheit der Datenverarbeitung zu gew\u00e4hrleisten und Ihre personenbezogenen Daten so zu verarbeiten, dass sie vor Zugriffen durch unbefugte Dritte gesch\u00fctzt sind.<\/p>\n<p>Durch die Verwendung moderner Sicherheitssoftware, Kodierungs- und Verschl\u00fcsselungsverfahren entspricht unsere EDV-Infrastruktur den aktuellsten Sicherheitsstandards.<\/p>\n<p><strong>Ihre Anfrage, ihr Begehren zum Datenschutz<\/strong><\/p>\n<p>Wir halten uns an die gesetzlichen Vorschriften betreffend dem Datenschutz unserer Kunden und Kundinnen und kommen Ihrem Anliegen gerne nach. Ihnen stehen grunds\u00e4tzlich die Rechte auf Auskunft, Berichtigung, L\u00f6schung, Einschr\u00e4nkung, Daten\u00fcbertragbarkeit, Widerruf und Widerspruch zu.\u00a0Bitte schicken sie Ihre Anfrage schriftlich oder per E-Mail an mit einer beigelegten Ausweiskopie an folgende Adresse.<\/p>\n<p>E- Mail : office@kunstatelier-ixenmaier.at<\/p>\n<p>schriftlich an:<\/p>\n<p>Ixenmaier &#8211; Immobilien &amp; Kunst Verwaltungs GmbH<\/p>\n<p>Kranzbichlerstrasse 13a<\/p>\n<p>3100 ST.P\u00f6lten<\/p>\n<p>Tel.0664\/4839810<\/p>\n<p>Laut gesetzlicher Vorschriften wird Ihre Anfrage bearbeitet.<\/p>\n<p>&nbsp;<\/p>\n<p><strong>Hinweis<\/strong><\/p>\n<p>Alle Daten dieser Website sind urheberrechtlich gesch\u00fctzt. Jede Bearbeitung, Vervielf\u00e4ltigung, Verbreitung und\/oder \u00f6ffentliche Wiedergabe stellt einen Urheberrechtsversto\u00df dar. Alle Informationen auf der Homepage wurden gr\u00fcndlich gepr\u00fcft. Trotz aller Sorgfalt wird keinerlei Haftung bzw. Garantie f\u00fcr Richtigkeit, Vollst\u00e4ndigkeit und Aktualit\u00e4t der Daten \u00fcbernommen. Dies gilt auch f\u00fcr alle verlinkten Seiten, da wir f\u00fcr deren Inhalt nicht verantwortlich sind.<\/p>\n<p><strong>Vorbehalt<\/strong><\/p>\n<p>Wir behalten uns vor diese Datenschutzerkl\u00e4rung anzupassen, sofern sich die technischen Gegebenheiten oder die juristischen Vorgaben \u00e4ndern.<\/p>\n","protected":false},"excerpt":{"rendered":"<p>Impressum Rechtsform Ixenmaier &#8211; Immobilien &amp; Kunst Verwaltungs GmbH Kranzbichlerstarsse 13a A-3100 Sankt P\u00f6lten Tel 0043 (0)664\/4839810 E-Mail office@kunstatelier-ixenmaier.at UID ATU 19829602 Firmenbuchnummer 102064w Firmengericht [&hellip;]<\/p>\n","protected":false},"author":1,"featured_media":0,"parent":0,"menu_order":0,"comment_status":"closed","ping_status":"closed","template":"","meta":{"footnotes":""},"class_list":["post-3","page","type-page","status-publish","hentry"],"yoast_head":"<!-- This site is optimized with the Yoast SEO plugin v24.3 - https:\/\/yoast.com\/wordpress\/plugins\/seo\/ -->\n<title>Impressum - Kunstatelier Ixenmaier<\/title>\n<meta name=\"robots\" content=\"index, follow, max-snippet:-1, max-image-preview:large, max-video-preview:-1\" \/>\n<link rel=\"canonical\" href=\"https:\/\/kunstatelier-ixenmaier.at\/?page_id=3\" \/>\n<meta property=\"og:locale\" content=\"de_DE\" \/>\n<meta property=\"og:type\" content=\"article\" \/>\n<meta property=\"og:title\" content=\"Impressum - Kunstatelier Ixenmaier\" \/>\n<meta property=\"og:description\" content=\"Impressum Rechtsform Ixenmaier &#8211; Immobilien &amp; Kunst Verwaltungs GmbH Kranzbichlerstarsse 13a A-3100 Sankt P\u00f6lten Tel 0043 (0)664\/4839810 E-Mail office@kunstatelier-ixenmaier.at UID ATU 19829602 Firmenbuchnummer 102064w Firmengericht [&hellip;]\" \/>\n<meta property=\"og:url\" content=\"https:\/\/kunstatelier-ixenmaier.at\/?page_id=3\" \/>\n<meta property=\"og:site_name\" content=\"Kunstatelier Ixenmaier\" \/>\n<meta property=\"article:modified_time\" content=\"2024-02-19T19:04:14+00:00\" \/>\n<meta name=\"twitter:card\" content=\"summary_large_image\" \/>\n<meta name=\"twitter:label1\" content=\"Gesch\u00e4tzte Lesezeit\" \/>\n\t<meta name=\"twitter:data1\" content=\"9\u00a0Minuten\" \/>\n<script type=\"application\/ld+json\" class=\"yoast-schema-graph\">{\"@context\":\"https:\/\/schema.org\",\"@graph\":[{\"@type\":\"WebPage\",\"@id\":\"https:\/\/kunstatelier-ixenmaier.at\/?page_id=3\",\"url\":\"https:\/\/kunstatelier-ixenmaier.at\/?page_id=3\",\"name\":\"Impressum - Kunstatelier Ixenmaier\",\"isPartOf\":{\"@id\":\"https:\/\/kunstatelier-ixenmaier.at\/#website\"},\"datePublished\":\"2024-01-19T12:59:30+00:00\",\"dateModified\":\"2024-02-19T19:04:14+00:00\",\"breadcrumb\":{\"@id\":\"https:\/\/kunstatelier-ixenmaier.at\/?page_id=3#breadcrumb\"},\"inLanguage\":\"de\",\"potentialAction\":[{\"@type\":\"ReadAction\",\"target\":[\"https:\/\/kunstatelier-ixenmaier.at\/?page_id=3\"]}]},{\"@type\":\"BreadcrumbList\",\"@id\":\"https:\/\/kunstatelier-ixenmaier.at\/?page_id=3#breadcrumb\",\"itemListElement\":[{\"@type\":\"ListItem\",\"position\":1,\"name\":\"Startseite\",\"item\":\"https:\/\/kunstatelier-ixenmaier.at\/\"},{\"@type\":\"ListItem\",\"position\":2,\"name\":\"Impressum\"}]},{\"@type\":\"WebSite\",\"@id\":\"https:\/\/kunstatelier-ixenmaier.at\/#website\",\"url\":\"https:\/\/kunstatelier-ixenmaier.at\/\",\"name\":\"Kunstatelier Ixenmaier\",\"description\":\"\",\"potentialAction\":[{\"@type\":\"SearchAction\",\"target\":{\"@type\":\"EntryPoint\",\"urlTemplate\":\"https:\/\/kunstatelier-ixenmaier.at\/?s={search_term_string}\"},\"query-input\":{\"@type\":\"PropertyValueSpecification\",\"valueRequired\":true,\"valueName\":\"search_term_string\"}}],\"inLanguage\":\"de\"}]}<\/script>\n<!-- \/ Yoast SEO plugin. -->","yoast_head_json":{"title":"Impressum - Kunstatelier Ixenmaier","robots":{"index":"index","follow":"follow","max-snippet":"max-snippet:-1","max-image-preview":"max-image-preview:large","max-video-preview":"max-video-preview:-1"},"canonical":"https:\/\/kunstatelier-ixenmaier.at\/?page_id=3","og_locale":"de_DE","og_type":"article","og_title":"Impressum - Kunstatelier Ixenmaier","og_description":"Impressum Rechtsform Ixenmaier &#8211; Immobilien &amp; Kunst Verwaltungs GmbH Kranzbichlerstarsse 13a A-3100 Sankt P\u00f6lten Tel 0043 (0)664\/4839810 E-Mail office@kunstatelier-ixenmaier.at UID ATU 19829602 Firmenbuchnummer 102064w Firmengericht [&hellip;]","og_url":"https:\/\/kunstatelier-ixenmaier.at\/?page_id=3","og_site_name":"Kunstatelier Ixenmaier","article_modified_time":"2024-02-19T19:04:14+00:00","twitter_card":"summary_large_image","twitter_misc":{"Gesch\u00e4tzte Lesezeit":"9\u00a0Minuten"},"schema":{"@context":"https:\/\/schema.org","@graph":[{"@type":"WebPage","@id":"https:\/\/kunstatelier-ixenmaier.at\/?page_id=3","url":"https:\/\/kunstatelier-ixenmaier.at\/?page_id=3","name":"Impressum - Kunstatelier Ixenmaier","isPartOf":{"@id":"https:\/\/kunstatelier-ixenmaier.at\/#website"},"datePublished":"2024-01-19T12:59:30+00:00","dateModified":"2024-02-19T19:04:14+00:00","breadcrumb":{"@id":"https:\/\/kunstatelier-ixenmaier.at\/?page_id=3#breadcrumb"},"inLanguage":"de","potentialAction":[{"@type":"ReadAction","target":["https:\/\/kunstatelier-ixenmaier.at\/?page_id=3"]}]},{"@type":"BreadcrumbList","@id":"https:\/\/kunstatelier-ixenmaier.at\/?page_id=3#breadcrumb","itemListElement":[{"@type":"ListItem","position":1,"name":"Startseite","item":"https:\/\/kunstatelier-ixenmaier.at\/"},{"@type":"ListItem","position":2,"name":"Impressum"}]},{"@type":"WebSite","@id":"https:\/\/kunstatelier-ixenmaier.at\/#website","url":"https:\/\/kunstatelier-ixenmaier.at\/","name":"Kunstatelier Ixenmaier","description":"","potentialAction":[{"@type":"SearchAction","target":{"@type":"EntryPoint","urlTemplate":"https:\/\/kunstatelier-ixenmaier.at\/?s={search_term_string}"},"query-input":{"@type":"PropertyValueSpecification","valueRequired":true,"valueName":"search_term_string"}}],"inLanguage":"de"}]}},"_links":{"self":[{"href":"https:\/\/kunstatelier-ixenmaier.at\/index.php?rest_route=\/wp\/v2\/pages\/3","targetHints":{"allow":["GET"]}}],"collection":[{"href":"https:\/\/kunstatelier-ixenmaier.at\/index.php?rest_route=\/wp\/v2\/pages"}],"about":[{"href":"https:\/\/kunstatelier-ixenmaier.at\/index.php?rest_route=\/wp\/v2\/types\/page"}],"author":[{"embeddable":true,"href":"https:\/\/kunstatelier-ixenmaier.at\/index.php?rest_route=\/wp\/v2\/users\/1"}],"replies":[{"embeddable":true,"href":"https:\/\/kunstatelier-ixenmaier.at\/index.php?rest_route=%2Fwp%2Fv2%2Fcomments&post=3"}],"version-history":[{"count":4,"href":"https:\/\/kunstatelier-ixenmaier.at\/index.php?rest_route=\/wp\/v2\/pages\/3\/revisions"}],"predecessor-version":[{"id":66,"href":"https:\/\/kunstatelier-ixenmaier.at\/index.php?rest_route=\/wp\/v2\/pages\/3\/revisions\/66"}],"wp:attachment":[{"href":"https:\/\/kunstatelier-ixenmaier.at\/index.php?rest_route=%2Fwp%2Fv2%2Fmedia&parent=3"}],"curies":[{"name":"wp","href":"https:\/\/api.w.org\/{rel}","templated":true}]}}