{"id":206,"date":"2024-03-26T17:57:19","date_gmt":"2024-03-26T17:57:19","guid":{"rendered":"https:\/\/kunstatelier-ixenmaier.at\/?page_id=206"},"modified":"2024-04-14T19:34:18","modified_gmt":"2024-04-14T19:34:18","slug":"meine-kunst","status":"publish","type":"page","link":"https:\/\/kunstatelier-ixenmaier.at\/?page_id=206","title":{"rendered":"Meine Kunst"},"content":{"rendered":"<p style=\"text-align: center;\"><span style=\"font-family: Times New Roman, serif;\"><span style=\"font-size: large;\">Die Kunstwerke aus dem Kunstatelier-Ixenmaier k\u00f6nnen als Einzelst\u00fccke f\u00fcr B\u00fcro, Rezeption, Hotelzimmer oder Privat erworben werden.<\/span><\/span><\/p>\n<p style=\"text-align: center;\"><span style=\"font-family: Times New Roman, serif;\"><span style=\"font-size: large;\">Unikate aus dem Atelier werden in einem angemessenem Preissegment angeboten und sollen f\u00fcr Sie zur Inspiration und zum Genuss an der Kunst dienen.<\/span><\/span><\/p>\n<p style=\"text-align: center;\"><span style=\"font-family: Times New Roman, serif;\"><span style=\"font-size: large;\">Bei Interesse k\u00f6nnen Sie die Kunstwerke nach Kontaktaufnahme jederzeit im Atelier betrachten.<\/span><\/span><\/p>\n<p style=\"text-align: center;\">\n<p style=\"text-align: center;\"><span style=\"color: #5c5f6b;\"><span style=\"font-family: Freestyle Script, cursive;\"><span style=\"font-size: xx-large;\">Rudolf Ixenmaier<\/span><\/span><\/span><\/p>\n","protected":false},"excerpt":{"rendered":"<p>Die Kunstwerke aus dem Kunstatelier-Ixenmaier k\u00f6nnen als Einzelst\u00fccke f\u00fcr B\u00fcro, Rezeption, Hotelzimmer oder Privat erworben werden. Unikate aus dem Atelier werden in einem angemessenem Preissegment [&hellip;]<\/p>\n","protected":false},"author":1,"featured_media":0,"parent":0,"menu_order":0,"comment_status":"closed","ping_status":"closed","template":"","meta":{"footnotes":""},"class_list":["post-206","page","type-page","status-publish","hentry"],"yoast_head":"<!-- This site is optimized with the Yoast SEO plugin v24.3 - https:\/\/yoast.com\/wordpress\/plugins\/seo\/ -->\n<title>Meine Kunst - Kunstatelier Ixenmaier<\/title>\n<meta name=\"robots\" content=\"index, follow, max-snippet:-1, max-image-preview:large, max-video-preview:-1\" \/>\n<link rel=\"canonical\" href=\"https:\/\/kunstatelier-ixenmaier.at\/?page_id=206\" \/>\n<meta property=\"og:locale\" content=\"de_DE\" \/>\n<meta property=\"og:type\" content=\"article\" \/>\n<meta property=\"og:title\" content=\"Meine Kunst - Kunstatelier Ixenmaier\" \/>\n<meta property=\"og:description\" content=\"Die Kunstwerke aus dem Kunstatelier-Ixenmaier k\u00f6nnen als Einzelst\u00fccke f\u00fcr B\u00fcro, Rezeption, Hotelzimmer oder Privat erworben werden. Unikate aus dem Atelier werden in einem angemessenem Preissegment [&hellip;]\" \/>\n<meta property=\"og:url\" content=\"https:\/\/kunstatelier-ixenmaier.at\/?page_id=206\" \/>\n<meta property=\"og:site_name\" content=\"Kunstatelier Ixenmaier\" \/>\n<meta property=\"article:modified_time\" content=\"2024-04-14T19:34:18+00:00\" \/>\n<meta name=\"twitter:card\" content=\"summary_large_image\" \/>\n<script type=\"application\/ld+json\" class=\"yoast-schema-graph\">{\"@context\":\"https:\/\/schema.org\",\"@graph\":[{\"@type\":\"WebPage\",\"@id\":\"https:\/\/kunstatelier-ixenmaier.at\/?page_id=206\",\"url\":\"https:\/\/kunstatelier-ixenmaier.at\/?page_id=206\",\"name\":\"Meine Kunst - Kunstatelier Ixenmaier\",\"isPartOf\":{\"@id\":\"https:\/\/kunstatelier-ixenmaier.at\/#website\"},\"datePublished\":\"2024-03-26T17:57:19+00:00\",\"dateModified\":\"2024-04-14T19:34:18+00:00\",\"breadcrumb\":{\"@id\":\"https:\/\/kunstatelier-ixenmaier.at\/?page_id=206#breadcrumb\"},\"inLanguage\":\"de\",\"potentialAction\":[{\"@type\":\"ReadAction\",\"target\":[\"https:\/\/kunstatelier-ixenmaier.at\/?page_id=206\"]}]},{\"@type\":\"BreadcrumbList\",\"@id\":\"https:\/\/kunstatelier-ixenmaier.at\/?page_id=206#breadcrumb\",\"itemListElement\":[{\"@type\":\"ListItem\",\"position\":1,\"name\":\"Startseite\",\"item\":\"https:\/\/kunstatelier-ixenmaier.at\/\"},{\"@type\":\"ListItem\",\"position\":2,\"name\":\"Meine Kunst\"}]},{\"@type\":\"WebSite\",\"@id\":\"https:\/\/kunstatelier-ixenmaier.at\/#website\",\"url\":\"https:\/\/kunstatelier-ixenmaier.at\/\",\"name\":\"Kunstatelier Ixenmaier\",\"description\":\"\",\"potentialAction\":[{\"@type\":\"SearchAction\",\"target\":{\"@type\":\"EntryPoint\",\"urlTemplate\":\"https:\/\/kunstatelier-ixenmaier.at\/?s={search_term_string}\"},\"query-input\":{\"@type\":\"PropertyValueSpecification\",\"valueRequired\":true,\"valueName\":\"search_term_string\"}}],\"inLanguage\":\"de\"}]}<\/script>\n<!-- \/ Yoast SEO plugin. -->","yoast_head_json":{"title":"Meine Kunst - Kunstatelier Ixenmaier","robots":{"index":"index","follow":"follow","max-snippet":"max-snippet:-1","max-image-preview":"max-image-preview:large","max-video-preview":"max-video-preview:-1"},"canonical":"https:\/\/kunstatelier-ixenmaier.at\/?page_id=206","og_locale":"de_DE","og_type":"article","og_title":"Meine Kunst - Kunstatelier Ixenmaier","og_description":"Die Kunstwerke aus dem Kunstatelier-Ixenmaier k\u00f6nnen als Einzelst\u00fccke f\u00fcr B\u00fcro, Rezeption, Hotelzimmer oder Privat erworben werden. Unikate aus dem Atelier werden in einem angemessenem Preissegment [&hellip;]","og_url":"https:\/\/kunstatelier-ixenmaier.at\/?page_id=206","og_site_name":"Kunstatelier Ixenmaier","article_modified_time":"2024-04-14T19:34:18+00:00","twitter_card":"summary_large_image","schema":{"@context":"https:\/\/schema.org","@graph":[{"@type":"WebPage","@id":"https:\/\/kunstatelier-ixenmaier.at\/?page_id=206","url":"https:\/\/kunstatelier-ixenmaier.at\/?page_id=206","name":"Meine Kunst - Kunstatelier Ixenmaier","isPartOf":{"@id":"https:\/\/kunstatelier-ixenmaier.at\/#website"},"datePublished":"2024-03-26T17:57:19+00:00","dateModified":"2024-04-14T19:34:18+00:00","breadcrumb":{"@id":"https:\/\/kunstatelier-ixenmaier.at\/?page_id=206#breadcrumb"},"inLanguage":"de","potentialAction":[{"@type":"ReadAction","target":["https:\/\/kunstatelier-ixenmaier.at\/?page_id=206"]}]},{"@type":"BreadcrumbList","@id":"https:\/\/kunstatelier-ixenmaier.at\/?page_id=206#breadcrumb","itemListElement":[{"@type":"ListItem","position":1,"name":"Startseite","item":"https:\/\/kunstatelier-ixenmaier.at\/"},{"@type":"ListItem","position":2,"name":"Meine Kunst"}]},{"@type":"WebSite","@id":"https:\/\/kunstatelier-ixenmaier.at\/#website","url":"https:\/\/kunstatelier-ixenmaier.at\/","name":"Kunstatelier Ixenmaier","description":"","potentialAction":[{"@type":"SearchAction","target":{"@type":"EntryPoint","urlTemplate":"https:\/\/kunstatelier-ixenmaier.at\/?s={search_term_string}"},"query-input":{"@type":"PropertyValueSpecification","valueRequired":true,"valueName":"search_term_string"}}],"inLanguage":"de"}]}},"_links":{"self":[{"href":"https:\/\/kunstatelier-ixenmaier.at\/index.php?rest_route=\/wp\/v2\/pages\/206","targetHints":{"allow":["GET"]}}],"collection":[{"href":"https:\/\/kunstatelier-ixenmaier.at\/index.php?rest_route=\/wp\/v2\/pages"}],"about":[{"href":"https:\/\/kunstatelier-ixenmaier.at\/index.php?rest_route=\/wp\/v2\/types\/page"}],"author":[{"embeddable":true,"href":"https:\/\/kunstatelier-ixenmaier.at\/index.php?rest_route=\/wp\/v2\/users\/1"}],"replies":[{"embeddable":true,"href":"https:\/\/kunstatelier-ixenmaier.at\/index.php?rest_route=%2Fwp%2Fv2%2Fcomments&post=206"}],"version-history":[{"count":4,"href":"https:\/\/kunstatelier-ixenmaier.at\/index.php?rest_route=\/wp\/v2\/pages\/206\/revisions"}],"predecessor-version":[{"id":219,"href":"https:\/\/kunstatelier-ixenmaier.at\/index.php?rest_route=\/wp\/v2\/pages\/206\/revisions\/219"}],"wp:attachment":[{"href":"https:\/\/kunstatelier-ixenmaier.at\/index.php?rest_route=%2Fwp%2Fv2%2Fmedia&parent=206"}],"curies":[{"name":"wp","href":"https:\/\/api.w.org\/{rel}","templated":true}]}}