{"id":204,"date":"2024-03-26T17:58:03","date_gmt":"2024-03-26T17:58:03","guid":{"rendered":"https:\/\/kunstatelier-ixenmaier.at\/?page_id=204"},"modified":"2024-04-14T19:37:07","modified_gmt":"2024-04-14T19:37:07","slug":"entdeckung-der-farben","status":"publish","type":"page","link":"https:\/\/kunstatelier-ixenmaier.at\/?page_id=204","title":{"rendered":"Entdeckung der Farben"},"content":{"rendered":"<p style=\"text-align: center;\"><span style=\"font-family: Times New Roman, serif;\"><span style=\"font-size: medium;\"><strong><span style=\"color: #0d0d0d;\"><span style=\"font-size: large;\">Beschreibung<\/span><\/span><\/strong><\/span><\/span><\/p>\n<p style=\"text-align: center;\"><span style=\"color: #0d0d0d;\"><span style=\"font-family: Times New Roman, serif;\"><span style=\"font-size: large;\">Tauchen Sie ein in eine Welt voller Farben und Emotionen mit den au\u00dfergew\u00f6hnlichen Acrylbildern. Jedes Gem\u00e4lde ist ein einzigartiges, originelles Unikat, direkt aus dem Atelier erh\u00e4ltlich.<\/span><\/span><\/span><\/p>\n<p style=\"text-align: center;\"><span style=\"font-family: Times New Roman, serif;\"><span style=\"font-size: medium;\"><strong><span style=\"color: #0d0d0d;\"><span style=\"font-size: large;\">Werke<\/span><\/span><\/strong><\/span><\/span><\/p>\n<p style=\"text-align: center;\"><span style=\"color: #0d0d0d;\"><span style=\"font-family: Times New Roman, serif;\"><span style=\"font-size: large;\">In den Werken verschmelzen Farben zu einem lebendigen Tanz auf der Leinwand. Jedes Gem\u00e4lde erz\u00e4hlt eine eigene Geschichte, l\u00e4dt Kunstaffinit\u00e4t ein, in eine Welt der Fantasie und Inspiration einzutauchen. Durch die abstrakte Malerei werden Grenzen \u00fcberwunden und neue Horizonte der Gestaltung erweitert.<\/span><\/span><\/span><\/p>\n<p style=\"text-align: center;\"><span style=\"font-family: Times New Roman, serif;\"><span style=\"font-size: medium;\"><span style=\"color: #0d0d0d;\"><span style=\"font-size: large;\">Die Besonderheit der Acrylbilder, ist ihre einzigartige Kombination aus Farben, Texturen und Formen. Jedes Gem\u00e4lde ist ein Ausdruck der pers\u00f6nlichen Vision und Leidenschaft im Prozess, die durch jeden Pinselstrich und jede Farbnuance zum Ausdruck gebracht wird.<\/span><\/span><\/span><\/span><\/p>\n<p style=\"text-align: center;\"><span style=\"font-family: Times New Roman, serif;\"><span style=\"font-size: medium;\"><strong><span style=\"color: #0d0d0d;\"><span style=\"font-size: large;\">Direkt aus dem Atelier:<\/span><\/span><\/strong><\/span><\/span><\/p>\n<p style=\"text-align: center;\"><span style=\"font-family: Times New Roman, serif;\"><span style=\"font-size: medium;\"><span style=\"color: #0d0d0d;\"><span style=\"font-size: large;\">Erwerben Sie ein St\u00fcck Kunst direkt aus dem Atelier. Jedes Gem\u00e4lde wird sorgf\u00e4ltig von Hand geschaffen und ist ein authentisches Wirken, das eine besondere Verbindung zwischen Kunstwerk und Betrachtung herstellen soll.<\/span><\/span><\/span><\/span><\/p>\n<p style=\"text-align: center;\"><span style=\"font-family: Times New Roman, serif;\"><span style=\"font-size: medium;\"><strong><span style=\"color: #0d0d0d;\"><span style=\"font-size: large;\">Res\u00fcmee<\/span><\/span><\/strong><\/span><\/span><\/p>\n<p style=\"text-align: center;\"><span style=\"font-family: Times New Roman, serif;\"><span style=\"font-size: medium;\"><span style=\"color: #0d0d0d;\"><span style=\"font-size: large;\">Tauchen Sie ein in die faszinierende Welt der abstrakten Malerei und entdecken Sie die Sch\u00f6nheit und Vielfalt der Farben mit den au\u00dfergew\u00f6hnlichen Acrylwerken. Jedes Gem\u00e4lde ist ein Unikat, das nicht nur die Sinne anspricht, sondern auch die Seele ber\u00fchren soll.<\/span><\/span><\/span><\/span><\/p>\n<p style=\"text-align: center;\">\n<p style=\"text-align: center;\"><span style=\"color: #0d0d0d;\"><span style=\"font-family: Freestyle Script, cursive;\"><span style=\"font-size: xx-large;\">Rudolf Ixenmaier<\/span><\/span><\/span><\/p>\n","protected":false},"excerpt":{"rendered":"<p>Beschreibung Tauchen Sie ein in eine Welt voller Farben und Emotionen mit den au\u00dfergew\u00f6hnlichen Acrylbildern. Jedes Gem\u00e4lde ist ein einzigartiges, originelles Unikat, direkt aus dem [&hellip;]<\/p>\n","protected":false},"author":1,"featured_media":0,"parent":0,"menu_order":0,"comment_status":"closed","ping_status":"closed","template":"","meta":{"footnotes":""},"class_list":["post-204","page","type-page","status-publish","hentry"],"yoast_head":"<!-- This site is optimized with the Yoast SEO plugin v24.3 - https:\/\/yoast.com\/wordpress\/plugins\/seo\/ -->\n<title>Entdeckung der Farben - Kunstatelier Ixenmaier<\/title>\n<meta name=\"robots\" content=\"index, follow, max-snippet:-1, max-image-preview:large, max-video-preview:-1\" \/>\n<link rel=\"canonical\" href=\"https:\/\/kunstatelier-ixenmaier.at\/?page_id=204\" \/>\n<meta property=\"og:locale\" content=\"de_DE\" \/>\n<meta property=\"og:type\" content=\"article\" \/>\n<meta property=\"og:title\" content=\"Entdeckung der Farben - Kunstatelier Ixenmaier\" \/>\n<meta property=\"og:description\" content=\"Beschreibung Tauchen Sie ein in eine Welt voller Farben und Emotionen mit den au\u00dfergew\u00f6hnlichen Acrylbildern. Jedes Gem\u00e4lde ist ein einzigartiges, originelles Unikat, direkt aus dem [&hellip;]\" \/>\n<meta property=\"og:url\" content=\"https:\/\/kunstatelier-ixenmaier.at\/?page_id=204\" \/>\n<meta property=\"og:site_name\" content=\"Kunstatelier Ixenmaier\" \/>\n<meta property=\"article:modified_time\" content=\"2024-04-14T19:37:07+00:00\" \/>\n<meta name=\"twitter:card\" content=\"summary_large_image\" \/>\n<meta name=\"twitter:label1\" content=\"Gesch\u00e4tzte Lesezeit\" \/>\n\t<meta name=\"twitter:data1\" content=\"1\u00a0Minute\" \/>\n<script type=\"application\/ld+json\" class=\"yoast-schema-graph\">{\"@context\":\"https:\/\/schema.org\",\"@graph\":[{\"@type\":\"WebPage\",\"@id\":\"https:\/\/kunstatelier-ixenmaier.at\/?page_id=204\",\"url\":\"https:\/\/kunstatelier-ixenmaier.at\/?page_id=204\",\"name\":\"Entdeckung der Farben - Kunstatelier Ixenmaier\",\"isPartOf\":{\"@id\":\"https:\/\/kunstatelier-ixenmaier.at\/#website\"},\"datePublished\":\"2024-03-26T17:58:03+00:00\",\"dateModified\":\"2024-04-14T19:37:07+00:00\",\"breadcrumb\":{\"@id\":\"https:\/\/kunstatelier-ixenmaier.at\/?page_id=204#breadcrumb\"},\"inLanguage\":\"de\",\"potentialAction\":[{\"@type\":\"ReadAction\",\"target\":[\"https:\/\/kunstatelier-ixenmaier.at\/?page_id=204\"]}]},{\"@type\":\"BreadcrumbList\",\"@id\":\"https:\/\/kunstatelier-ixenmaier.at\/?page_id=204#breadcrumb\",\"itemListElement\":[{\"@type\":\"ListItem\",\"position\":1,\"name\":\"Startseite\",\"item\":\"https:\/\/kunstatelier-ixenmaier.at\/\"},{\"@type\":\"ListItem\",\"position\":2,\"name\":\"Entdeckung der Farben\"}]},{\"@type\":\"WebSite\",\"@id\":\"https:\/\/kunstatelier-ixenmaier.at\/#website\",\"url\":\"https:\/\/kunstatelier-ixenmaier.at\/\",\"name\":\"Kunstatelier Ixenmaier\",\"description\":\"\",\"potentialAction\":[{\"@type\":\"SearchAction\",\"target\":{\"@type\":\"EntryPoint\",\"urlTemplate\":\"https:\/\/kunstatelier-ixenmaier.at\/?s={search_term_string}\"},\"query-input\":{\"@type\":\"PropertyValueSpecification\",\"valueRequired\":true,\"valueName\":\"search_term_string\"}}],\"inLanguage\":\"de\"}]}<\/script>\n<!-- \/ Yoast SEO plugin. -->","yoast_head_json":{"title":"Entdeckung der Farben - Kunstatelier Ixenmaier","robots":{"index":"index","follow":"follow","max-snippet":"max-snippet:-1","max-image-preview":"max-image-preview:large","max-video-preview":"max-video-preview:-1"},"canonical":"https:\/\/kunstatelier-ixenmaier.at\/?page_id=204","og_locale":"de_DE","og_type":"article","og_title":"Entdeckung der Farben - Kunstatelier Ixenmaier","og_description":"Beschreibung Tauchen Sie ein in eine Welt voller Farben und Emotionen mit den au\u00dfergew\u00f6hnlichen Acrylbildern. Jedes Gem\u00e4lde ist ein einzigartiges, originelles Unikat, direkt aus dem [&hellip;]","og_url":"https:\/\/kunstatelier-ixenmaier.at\/?page_id=204","og_site_name":"Kunstatelier Ixenmaier","article_modified_time":"2024-04-14T19:37:07+00:00","twitter_card":"summary_large_image","twitter_misc":{"Gesch\u00e4tzte Lesezeit":"1\u00a0Minute"},"schema":{"@context":"https:\/\/schema.org","@graph":[{"@type":"WebPage","@id":"https:\/\/kunstatelier-ixenmaier.at\/?page_id=204","url":"https:\/\/kunstatelier-ixenmaier.at\/?page_id=204","name":"Entdeckung der Farben - Kunstatelier Ixenmaier","isPartOf":{"@id":"https:\/\/kunstatelier-ixenmaier.at\/#website"},"datePublished":"2024-03-26T17:58:03+00:00","dateModified":"2024-04-14T19:37:07+00:00","breadcrumb":{"@id":"https:\/\/kunstatelier-ixenmaier.at\/?page_id=204#breadcrumb"},"inLanguage":"de","potentialAction":[{"@type":"ReadAction","target":["https:\/\/kunstatelier-ixenmaier.at\/?page_id=204"]}]},{"@type":"BreadcrumbList","@id":"https:\/\/kunstatelier-ixenmaier.at\/?page_id=204#breadcrumb","itemListElement":[{"@type":"ListItem","position":1,"name":"Startseite","item":"https:\/\/kunstatelier-ixenmaier.at\/"},{"@type":"ListItem","position":2,"name":"Entdeckung der Farben"}]},{"@type":"WebSite","@id":"https:\/\/kunstatelier-ixenmaier.at\/#website","url":"https:\/\/kunstatelier-ixenmaier.at\/","name":"Kunstatelier Ixenmaier","description":"","potentialAction":[{"@type":"SearchAction","target":{"@type":"EntryPoint","urlTemplate":"https:\/\/kunstatelier-ixenmaier.at\/?s={search_term_string}"},"query-input":{"@type":"PropertyValueSpecification","valueRequired":true,"valueName":"search_term_string"}}],"inLanguage":"de"}]}},"_links":{"self":[{"href":"https:\/\/kunstatelier-ixenmaier.at\/index.php?rest_route=\/wp\/v2\/pages\/204","targetHints":{"allow":["GET"]}}],"collection":[{"href":"https:\/\/kunstatelier-ixenmaier.at\/index.php?rest_route=\/wp\/v2\/pages"}],"about":[{"href":"https:\/\/kunstatelier-ixenmaier.at\/index.php?rest_route=\/wp\/v2\/types\/page"}],"author":[{"embeddable":true,"href":"https:\/\/kunstatelier-ixenmaier.at\/index.php?rest_route=\/wp\/v2\/users\/1"}],"replies":[{"embeddable":true,"href":"https:\/\/kunstatelier-ixenmaier.at\/index.php?rest_route=%2Fwp%2Fv2%2Fcomments&post=204"}],"version-history":[{"count":4,"href":"https:\/\/kunstatelier-ixenmaier.at\/index.php?rest_route=\/wp\/v2\/pages\/204\/revisions"}],"predecessor-version":[{"id":222,"href":"https:\/\/kunstatelier-ixenmaier.at\/index.php?rest_route=\/wp\/v2\/pages\/204\/revisions\/222"}],"wp:attachment":[{"href":"https:\/\/kunstatelier-ixenmaier.at\/index.php?rest_route=%2Fwp%2Fv2%2Fmedia&parent=204"}],"curies":[{"name":"wp","href":"https:\/\/api.w.org\/{rel}","templated":true}]}}